{"id":3169,"date":"2021-01-12T08:14:18","date_gmt":"2021-01-12T08:14:18","guid":{"rendered":"http:\/\/clapat-themes.com\/wordpress\/rayden\/?page_id=3169"},"modified":"2021-12-08T15:35:41","modified_gmt":"2021-12-08T12:35:41","slug":"hakkimizda","status":"publish","type":"page","link":"https:\/\/bunyemtekstil.com\/bians\/hakkimizda\/","title":{"rendered":"Hakk\u0131m\u0131zda"},"content":{"rendered":"\t\t<div data-elementor-type=\"wp-page\" data-elementor-id=\"3169\" class=\"elementor elementor-3169\">\n\t\t\t\t\t\t\t\t\t<section class=\"elementor-section elementor-top-section elementor-element elementor-element-7991210d elementor-section-boxed elementor-section-height-default elementor-section-height-default\" data-id=\"7991210d\" data-element_type=\"section\">\n\t\t\t\t\t\t<div class=\"elementor-container elementor-column-gap-default\">\n\t\t\t\t\t<div class=\"elementor-column elementor-col-100 elementor-top-column elementor-element elementor-element-7a5b7725\" data-id=\"7a5b7725\" data-element_type=\"column\">\n\t\t\t<div class=\"elementor-widget-wrap elementor-element-populated\">\n\t\t\t\t\t\t\t\t<div class=\"elementor-element elementor-element-279bc024 hak elementor-invisible elementor-widget elementor-widget-text-editor\" data-id=\"279bc024\" data-element_type=\"widget\" data-settings=\"{&quot;_animation&quot;:&quot;fadeInDown&quot;}\" data-widget_type=\"text-editor.default\">\n\t\t\t\t<div class=\"elementor-widget-container\">\n\t\t\t<style>\/*! elementor - v3.15.0 - 09-08-2023 *\/\n.elementor-widget-text-editor.elementor-drop-cap-view-stacked .elementor-drop-cap{background-color:#69727d;color:#fff}.elementor-widget-text-editor.elementor-drop-cap-view-framed .elementor-drop-cap{color:#69727d;border:3px solid;background-color:transparent}.elementor-widget-text-editor:not(.elementor-drop-cap-view-default) .elementor-drop-cap{margin-top:8px}.elementor-widget-text-editor:not(.elementor-drop-cap-view-default) .elementor-drop-cap-letter{width:1em;height:1em}.elementor-widget-text-editor .elementor-drop-cap{float:left;text-align:center;line-height:1;font-size:50px}.elementor-widget-text-editor .elementor-drop-cap-letter{display:inline-block}<\/style>\t\t\t\t<p>B\u00fcnyem Tekstil 1960 y\u0131l\u0131nda kurulmu\u015f olan Tekstil sekt\u00f6r\u00fcn\u00fcn \u00f6nde gelen<br \/>imalat ve ihracat\u00e7\u0131lar\u0131ndand\u0131r. Bursa Demirta\u015f Organize Sanayi B\u00f6lgesi&#8217;nde,<br \/>8000 m2 a\u00e7\u0131k 5000 m2 kapal\u0131 alanda, Jakarl\u0131 ve Arm\u00fcll\u00fc dokuma tezgahlar\u0131yla<br \/>faaliyet g\u00f6stermektedir.<br \/>M\u00fc\u015fteri memnuniyeti odakl\u0131, g\u00fcvenilirli\u011fi ile bilinen bir firmad\u0131r. \u00dcr\u00fcnlerinin<br \/>%30 unu; yurt i\u00e7inde faaliyet g\u00f6steren ihracat\u00e7\u0131 konfeksiyonculara ve sekt\u00f6r\u00fcn<br \/>\u00f6nde gelen yurti\u00e7i giyim markalar\u0131na, %70 l\u0131k k\u0131sm\u0131n\u0131 ise 45\u2019i a\u015fk\u0131n \u00fclkeye<br \/>ihracat yapan firmam\u0131z sekt\u00f6r\u00fcn en vizyonlu firmalar\u0131ndan biri haline gelmi\u015ftir.<br \/>Kaliteli ve h\u0131zl\u0131 servisiyle her zaman tercih edilen bir marka olan B\u00fcnyem<br \/>Tekstil, yapt\u0131\u011f\u0131 yat\u0131r\u0131mlarla her y\u0131l \u00fcretim kapasitesini daha da artt\u0131rmaktad\u0131r.<\/p>\t\t\t\t\t\t<\/div>\n\t\t\t\t<\/div>\n\t\t\t\t<div class=\"elementor-element elementor-element-ee9cfc7 elementor-invisible elementor-widget elementor-widget-image\" data-id=\"ee9cfc7\" data-element_type=\"widget\" data-settings=\"{&quot;_animation&quot;:&quot;fadeInDown&quot;}\" data-widget_type=\"image.default\">\n\t\t\t\t<div class=\"elementor-widget-container\">\n\t\t\t<style>\/*! elementor - v3.15.0 - 09-08-2023 *\/\n.elementor-widget-image{text-align:center}.elementor-widget-image a{display:inline-block}.elementor-widget-image a img[src$=\".svg\"]{width:48px}.elementor-widget-image img{vertical-align:middle;display:inline-block}<\/style>\t\t\t\t\t\t\t\t\t\t\t\t<img loading=\"lazy\" decoding=\"async\" width=\"1920\" height=\"1122\" src=\"https:\/\/bunyemtekstil.com\/bians\/wp-content\/uploads\/2021\/11\/hakkimizda.jpg\" class=\"attachment-full size-full wp-image-3648\" alt=\"\" srcset=\"https:\/\/bunyemtekstil.com\/bians\/wp-content\/uploads\/2021\/11\/hakkimizda.jpg 1920w, https:\/\/bunyemtekstil.com\/bians\/wp-content\/uploads\/2021\/11\/hakkimizda-300x175.jpg 300w, https:\/\/bunyemtekstil.com\/bians\/wp-content\/uploads\/2021\/11\/hakkimizda-1024x598.jpg 1024w, https:\/\/bunyemtekstil.com\/bians\/wp-content\/uploads\/2021\/11\/hakkimizda-768x449.jpg 768w, https:\/\/bunyemtekstil.com\/bians\/wp-content\/uploads\/2021\/11\/hakkimizda-1536x898.jpg 1536w\" sizes=\"auto, (max-width: 1920px) 100vw, 1920px\" \/>\t\t\t\t\t\t\t\t\t\t\t\t\t\t\t<\/div>\n\t\t\t\t<\/div>\n\t\t\t\t\t<\/div>\n\t\t<\/div>\n\t\t\t\t\t\t\t<\/div>\n\t\t<\/section>\n\t\t\t\t\t\t\t<\/div>\n\t\t","protected":false},"excerpt":{"rendered":"<p>B\u00fcnyem Tekstil 1960 y\u0131l\u0131nda kurulmu\u015f olan Tekstil sekt\u00f6r\u00fcn\u00fcn \u00f6nde gelenimalat ve ihracat\u00e7\u0131lar\u0131ndand\u0131r. Bursa Demirta\u015f Organize Sanayi B\u00f6lgesi&#8217;nde,8000 m2 a\u00e7\u0131k 5000 m2 kapal\u0131 alanda, Jakarl\u0131 ve Arm\u00fcll\u00fc dokuma tezgahlar\u0131ylafaaliyet g\u00f6stermektedir.M\u00fc\u015fteri memnuniyeti odakl\u0131, g\u00fcvenilirli\u011fi ile bilinen bir firmad\u0131r. \u00dcr\u00fcnlerinin%30 unu; yurt i\u00e7inde faaliyet g\u00f6steren ihracat\u00e7\u0131 konfeksiyonculara ve sekt\u00f6r\u00fcn\u00f6nde gelen yurti\u00e7i giyim markalar\u0131na, %70 l\u0131k k\u0131sm\u0131n\u0131 ise 45\u2019i [&hellip;]<\/p>\n","protected":false},"author":1,"featured_media":0,"parent":0,"menu_order":0,"comment_status":"closed","ping_status":"closed","template":"","meta":{"footnotes":""},"class_list":["post-3169","page","type-page","status-publish","hentry"],"_links":{"self":[{"href":"https:\/\/bunyemtekstil.com\/bians\/wp-json\/wp\/v2\/pages\/3169","targetHints":{"allow":["GET"]}}],"collection":[{"href":"https:\/\/bunyemtekstil.com\/bians\/wp-json\/wp\/v2\/pages"}],"about":[{"href":"https:\/\/bunyemtekstil.com\/bians\/wp-json\/wp\/v2\/types\/page"}],"author":[{"embeddable":true,"href":"https:\/\/bunyemtekstil.com\/bians\/wp-json\/wp\/v2\/users\/1"}],"replies":[{"embeddable":true,"href":"https:\/\/bunyemtekstil.com\/bians\/wp-json\/wp\/v2\/comments?post=3169"}],"version-history":[{"count":56,"href":"https:\/\/bunyemtekstil.com\/bians\/wp-json\/wp\/v2\/pages\/3169\/revisions"}],"predecessor-version":[{"id":3837,"href":"https:\/\/bunyemtekstil.com\/bians\/wp-json\/wp\/v2\/pages\/3169\/revisions\/3837"}],"wp:attachment":[{"href":"https:\/\/bunyemtekstil.com\/bians\/wp-json\/wp\/v2\/media?parent=3169"}],"curies":[{"name":"wp","href":"https:\/\/api.w.org\/{rel}","templated":true}]}}