{"id":3209,"date":"2021-01-12T09:14:40","date_gmt":"2021-01-12T09:14:40","guid":{"rendered":"http:\/\/clapat-themes.com\/wordpress\/rayden\/?page_id=3209"},"modified":"2021-12-31T15:43:43","modified_gmt":"2021-12-31T12:43:43","slug":"iletisim","status":"publish","type":"page","link":"https:\/\/bunyemtekstil.com\/bians\/en\/iletisim\/","title":{"rendered":"Contact"},"content":{"rendered":"<div data-elementor-type=\"wp-page\" data-elementor-id=\"3209\" class=\"elementor elementor-3209\">\n\t\t\t\t\t\t\t\t\t<section class=\"elementor-section elementor-top-section elementor-element elementor-element-25cfcbc9 elementor-section-boxed elementor-section-height-default elementor-section-height-default\" data-id=\"25cfcbc9\" data-element_type=\"section\">\n\t\t\t\t\t\t<div class=\"elementor-container elementor-column-gap-default\">\n\t\t\t\t\t<div class=\"elementor-column elementor-col-100 elementor-top-column elementor-element elementor-element-b357cbd\" data-id=\"b357cbd\" data-element_type=\"column\">\n\t\t\t<div class=\"elementor-widget-wrap elementor-element-populated\">\n\t\t\t\t\t\t\t\t<div class=\"elementor-element elementor-element-7b3e188b elementor-widget elementor-widget-text-editor\" data-id=\"7b3e188b\" data-element_type=\"widget\" data-widget_type=\"text-editor.default\">\n\t\t\t\t<div class=\"elementor-widget-container\">\n\t\t\t<style>\/*! elementor - v3.15.0 - 09-08-2023 *\/\n.elementor-widget-text-editor.elementor-drop-cap-view-stacked .elementor-drop-cap{background-color:#69727d;color:#fff}.elementor-widget-text-editor.elementor-drop-cap-view-framed .elementor-drop-cap{color:#69727d;border:3px solid;background-color:transparent}.elementor-widget-text-editor:not(.elementor-drop-cap-view-default) .elementor-drop-cap{margin-top:8px}.elementor-widget-text-editor:not(.elementor-drop-cap-view-default) .elementor-drop-cap-letter{width:1em;height:1em}.elementor-widget-text-editor .elementor-drop-cap{float:left;text-align:center;line-height:1;font-size:50px}.elementor-widget-text-editor .elementor-drop-cap-letter{display:inline-block}<\/style>\t\t\t\t<div class=\"wp-block-rayden-gutenberg-container full\" style=\"background-color: #ffffff; text-align: left;\">\n<div class=\"wp-block-rayden-gutenberg-container row_padding_top row_padding_bottom white-section text-align-center small change-header-color\" style=\"background-color: #ffffff; text-align: left;\"><!-- wp:heading {\"textAlign\":\"center\",\"className\":\"has-animation\"} -->\n<h2 class=\"has-text-align-center has-animation\">Contact information<\/h2>\n<!-- \/wp:heading -->\n\n<!-- wp:spacer -->\n<div class=\"wp-block-spacer\" style=\"height: 100px;\" aria-hidden=\"true\">\u00a0<\/div>\n<!-- \/wp:spacer -->\n\n<!-- wp:columns {\"className\":\"text-align-center\"} -->\n<div class=\"wp-block-columns text-align-center\"><!-- wp:column -->\n<div class=\"wp-block-column\"><!-- wp:rayden-gutenberg\/contact-box {\"icon\":\"fa fa-paper-plane\",\"title\":\"Email\",\"content\":\"office@rayden.com\"} --> <div class=\"clapat-icon\"><i class=\"fa fa-paper-plane fa-2x\" aria-hidden=\"true\"><\/i><\/div><h5 class=\"secondary-font\">bunyem@bunyemtekstil.com<\/h5><p>E-mail<\/p> <!-- \/wp:rayden-gutenberg\/contact-box --><\/div>\n<!-- \/wp:column -->\n\n<!-- wp:column -->\n<div class=\"wp-block-column\"><!-- wp:rayden-gutenberg\/contact-box {\"icon\":\"fa fa-map-marker\",\"title\":\"Address\",\"content\":\"35 M Str, New York, USA\"} --> <div class=\"clapat-icon\"><i class=\"fa fa-map-marker fa-2x\" aria-hidden=\"true\"><\/i><\/div><h5 class=\"secondary-font\">Ala\u015fark\u00f6y Mah. 12. Ada Sk. No: 32\/A BURSA &#8211; T\u00dcRK\u0130YE 16370<\/h5><p>Factory<\/p> <!-- \/wp:rayden-gutenberg\/contact-box --><\/div>\n<!-- \/wp:column -->\n\n<!-- wp:column -->\n<div class=\"wp-block-column\"><!-- wp:rayden-gutenberg\/contact-box {\"icon\":\"fa fa-phone\",\"title\":\"Phone\",\"content\":\"0040 (7763) 574-8901\"} --> <div class=\"clapat-icon\"><i class=\"fa fa-phone fa-2x\" aria-hidden=\"true\"><\/i><\/div><h5 class=\"secondary-font\">(224) 267-2600 &#8211; (224) 267-2604<\/h5><p>Phone<\/p> <!-- \/wp:rayden-gutenberg\/contact-box --><\/div>\n<!-- \/wp:column --><\/div>\n<div class=\"wp-block-columns social-wp-block text-align-center\"><!-- wp:column -->\n\n\n<!-- wp:column -->\n<div class=\"wp-block-column\"><!-- wp:rayden-gutenberg\/contact-box {\"icon\":\"fa fa-phone\",\"title\":\"Phone\",\"content\":\"0040 (7763) 574-8901\"} --> <div class=\"clapat-icon\"><i class=\"fa fa-instagram fa-2x\" aria-hidden=\"true\"><\/i><\/div><a href=\"https:\/\/www.instagram.com\/bunyemtekstil\/\"><p>Instagram<\/p><\/a> <!-- \/wp:rayden-gutenberg\/contact-box --><\/div>\n<!-- \/wp:column --><\/div>\n<!-- \/wp:columns --><\/div>\n<\/div>\n<!-- \/wp:rayden-gutenberg\/container --><!-- \/wp:rayden-gutenberg\/container -->\n\n<!-- wp:rayden-gutenberg\/container {\"background_color\":\"#ffffff\",\"className\":\"full\"} -->\n<div class=\"wp-block-rayden-gutenberg-container full\" style=\"background-color: #ffffff; text-align: left;\"><!-- wp:rayden-gutenberg\/container {\"background_color\":\"#ffffff\",\"className\":\"row_padding_top row_padding_bottom white-section text-align-center small change-header-color\"} -->\n<p><iframe src=\"https:\/\/www.google.com\/maps\/embed?pb=!1m18!1m12!1m3!1d3043.6469495495126!2d29.0560980153918!3d40.28359217938076!2m3!1f0!2f0!3f0!3m2!1i1024!2i768!4f13.1!3m3!1m2!1s0x0%3A0x6ffea3d898866623!2zNDDCsDE3JzAwLjkiTiAyOcKwMDMnMjkuOCJF!5e0!3m2!1str!2str!4v1640954009051!5m2!1str!2str\" width=\"600\" height=\"450\" style=\"border:0;\" allowfullscreen=\"\" loading=\"lazy\"><\/iframe><\/p>\n<\/div>\n<!-- \/wp:rayden-gutenberg\/container -->\n\n<!-- wp:rayden-gutenberg\/container {\"background_color\":\"transparent\",\"alignment\":\"center\",\"className\":\"row_padding_top text-align-center\"} -->\n<div class=\"wp-block-rayden-gutenberg-container row_padding_top text-align-center\" style=\"background-color: transparent; text-align: center;\"><!-- wp:heading {\"textAlign\":\"center\",\"level\":5,\"className\":\"has-mask primary-color secondary-font\"} -->\n<h5 class=\"has-text-align-center has-mask primary-color secondary-font\">\u0130leti\u015fim Formu<\/h5>\n<!-- \/wp:heading -->\n\n<!-- wp:heading {\"textAlign\":\"center\",\"className\":\"has-animation\"} -->\n<h2 class=\"has-text-align-center has-animation\">You can send your suggestions, <br class=\"destroy\" \/>complaints and questions<\/h2>\n<!-- \/wp:heading -->\n\n<!-- wp:spacer {\"height\":30} -->\n<div class=\"wp-block-spacer\" style=\"height: 30px;\" aria-hidden=\"true\">\u00a0<\/div>\n<!-- \/wp:spacer -->\n\n<!-- wp:contact-form-7\/contact-form-selector {\"id\":5,\"title\":\"Contact form 1\"} -->\n<div class=\"wp-block-contact-form-7-contact-form-selector\">\n<div class=\"wpcf7 no-js\" id=\"wpcf7-f3630-o1\" lang=\"tr-TR\" dir=\"ltr\">\n<div class=\"screen-reader-response\"><p role=\"status\" aria-live=\"polite\" aria-atomic=\"true\"><\/p> <ul><\/ul><\/div>\n<form action=\"\/bians\/en\/wp-json\/wp\/v2\/pages\/3209#wpcf7-f3630-o1\" method=\"post\" class=\"wpcf7-form init\" aria-label=\"Contact form\" novalidate=\"novalidate\" data-status=\"init\" data-trp-original-action=\"\/bians\/en\/wp-json\/wp\/v2\/pages\/3209#wpcf7-f3630-o1\">\n<div style=\"display: none;\">\n<input type=\"hidden\" name=\"_wpcf7\" value=\"3630\" \/>\n<input type=\"hidden\" name=\"_wpcf7_version\" value=\"5.8\" \/>\n<input type=\"hidden\" name=\"_wpcf7_locale\" value=\"tr_TR\" \/>\n<input type=\"hidden\" name=\"_wpcf7_unit_tag\" value=\"wpcf7-f3630-o1\" \/>\n<input type=\"hidden\" name=\"_wpcf7_container_post\" value=\"0\" \/>\n<input type=\"hidden\" name=\"_wpcf7_posted_data_hash\" value=\"\" \/>\n<\/div>\n<div id=\"contact-formular\" class=\"disable-drag\">\n\t<div class=\"name-box has-animation\">\n\t\t<p><span class=\"wpcf7-form-control-wrap\" data-name=\"your-name\"><input size=\"40\" class=\"wpcf7-form-control wpcf7-text wpcf7-validates-as-required\" aria-required=\"true\" aria-invalid=\"false\" placeholder=\"Name and Surname\" value=\"\" type=\"text\" name=\"your-name\" \/><\/span>\n\t\t<\/p>\n\t<\/div>\n\t<div class=\"email-box has-animation\">\n\t\t<p><span class=\"wpcf7-form-control-wrap\" data-name=\"your-email\"><input size=\"40\" class=\"wpcf7-form-control wpcf7-email wpcf7-validates-as-required wpcf7-text wpcf7-validates-as-email\" aria-required=\"true\" aria-invalid=\"false\" placeholder=\"E-mail\" value=\"\" type=\"email\" name=\"your-email\" \/><\/span>\n\t\t<\/p>\n\t<\/div>\n\t<div class=\"message-box has-animation\">\n\t\t<p><span class=\"wpcf7-form-control-wrap\" data-name=\"your-message\"><textarea cols=\"40\" rows=\"10\" class=\"wpcf7-form-control wpcf7-textarea wpcf7-validates-as-required\" aria-required=\"true\" aria-invalid=\"false\" placeholder=\"Message\" name=\"your-message\"><\/textarea><\/span>\n\t\t<\/p>\n\t<\/div>\n<hr \/>\n\t<div class=\"button-box has-animation\" data-delay=\"100\">\n\t\t<div class=\"clapat-button-wrap circle parallax-wrap bigger\">\n\t\t\t<div class=\"clapat-button parallax-element\">\n\t\t\t\t<div class=\"button-border outline parallax-element-second\">\n\t\t\t\t\t<p><input class=\"wpcf7-form-control wpcf7-submit has-spinner\" type=\"submit\" value=\"Send Message\" \/>\n\t\t\t\t\t<\/p>\n\t\t\t\t<\/div>\n\t\t\t<\/div>\n\t\t<\/div>\n\t<\/div>\n<\/div><div class=\"wpcf7-response-output\" aria-hidden=\"true\"><\/div>\n<input type=\"hidden\" name=\"trp-form-language\" value=\"en\"\/><\/form>\n<\/div>\n<\/div>\n<!-- \/wp:contact-form-7\/contact-form-selector --><\/div>\n<!-- \/wp:rayden-gutenberg\/container -->\t\t\t\t\t\t<\/div>\n\t\t\t\t<\/div>\n\t\t\t\t\t<\/div>\n\t\t<\/div>\n\t\t\t\t\t\t\t<\/div>\n\t\t<\/section>\n\t\t\t\t\t\t\t<\/div>","protected":false},"excerpt":{"rendered":"<p>\u0130leti\u015fim Bilgileri \u0130leti\u015fim Formu \u00d6neri, \u015fikayet ve sorular\u0131n\u0131z\u0131 iletebilirsiniz \u00a0<\/p>","protected":false},"author":1,"featured_media":0,"parent":0,"menu_order":0,"comment_status":"closed","ping_status":"closed","template":"","meta":{"footnotes":""},"class_list":["post-3209","page","type-page","status-publish","hentry"],"_links":{"self":[{"href":"https:\/\/bunyemtekstil.com\/bians\/en\/wp-json\/wp\/v2\/pages\/3209","targetHints":{"allow":["GET"]}}],"collection":[{"href":"https:\/\/bunyemtekstil.com\/bians\/en\/wp-json\/wp\/v2\/pages"}],"about":[{"href":"https:\/\/bunyemtekstil.com\/bians\/en\/wp-json\/wp\/v2\/types\/page"}],"author":[{"embeddable":true,"href":"https:\/\/bunyemtekstil.com\/bians\/en\/wp-json\/wp\/v2\/users\/1"}],"replies":[{"embeddable":true,"href":"https:\/\/bunyemtekstil.com\/bians\/en\/wp-json\/wp\/v2\/comments?post=3209"}],"version-history":[{"count":61,"href":"https:\/\/bunyemtekstil.com\/bians\/en\/wp-json\/wp\/v2\/pages\/3209\/revisions"}],"predecessor-version":[{"id":3981,"href":"https:\/\/bunyemtekstil.com\/bians\/en\/wp-json\/wp\/v2\/pages\/3209\/revisions\/3981"}],"wp:attachment":[{"href":"https:\/\/bunyemtekstil.com\/bians\/en\/wp-json\/wp\/v2\/media?parent=3209"}],"curies":[{"name":"wp","href":"https:\/\/api.w.org\/{rel}","templated":true}]}}